{"id":21463,"date":"2022-07-01T07:27:14","date_gmt":"2022-07-01T07:27:14","guid":{"rendered":"http:\/\/fastdo.vn\/fokrs\/?page_id=21463"},"modified":"2022-07-11T04:16:08","modified_gmt":"2022-07-11T04:16:08","slug":"video","status":"publish","type":"page","link":"https:\/\/fastdo.vn\/fokrs\/video\/","title":{"rendered":"Video"},"content":{"rendered":"\t\t<div data-elementor-type=\"wp-page\" data-elementor-id=\"21463\" class=\"elementor elementor-21463\">\n\t\t\t\t\t\t<section class=\"elementor-section elementor-top-section elementor-element elementor-element-c9b751c elementor-section-boxed elementor-section-height-default elementor-section-height-default\" data-id=\"c9b751c\" data-element_type=\"section\" data-settings=\"{&quot;background_background&quot;:&quot;classic&quot;}\">\n\t\t\t\t\t\t<div class=\"elementor-container elementor-column-gap-default\">\n\t\t\t\t\t<div class=\"elementor-column elementor-col-100 elementor-top-column elementor-element elementor-element-50e11c7\" data-id=\"50e11c7\" data-element_type=\"column\" data-settings=\"{&quot;background_background&quot;:&quot;classic&quot;}\">\n\t\t\t<div class=\"elementor-widget-wrap elementor-element-populated\">\n\t\t\t\t\t\t<div class=\"elementor-element elementor-element-e8609ee elementor-widget elementor-widget-heading\" data-id=\"e8609ee\" data-element_type=\"widget\" data-widget_type=\"heading.default\">\n\t\t\t\t<div class=\"elementor-widget-container\">\n\t\t\t\t\t<h1 class=\"elementor-heading-title elementor-size-default\">VIDEO<\/h1>\t\t\t\t<\/div>\n\t\t\t\t<\/div>\n\t\t\t\t\t<\/div>\n\t\t<\/div>\n\t\t\t\t\t<\/div>\n\t\t<\/section>\n\t\t\t\t<section class=\"elementor-section elementor-top-section elementor-element elementor-element-4074409 elementor-section-boxed elementor-section-height-default elementor-section-height-default\" data-id=\"4074409\" data-element_type=\"section\" data-settings=\"{&quot;background_background&quot;:&quot;classic&quot;}\">\n\t\t\t\t\t\t<div class=\"elementor-container elementor-column-gap-default\">\n\t\t\t\t\t<div class=\"elementor-column elementor-col-100 elementor-top-column elementor-element elementor-element-8d51bdc\" data-id=\"8d51bdc\" data-element_type=\"column\">\n\t\t\t<div class=\"elementor-widget-wrap elementor-element-populated\">\n\t\t\t\t\t\t<section class=\"elementor-section elementor-inner-section elementor-element elementor-element-c561019 elementor-section-content-middle elementor-section-boxed elementor-section-height-default elementor-section-height-default\" data-id=\"c561019\" data-element_type=\"section\">\n\t\t\t\t\t\t<div class=\"elementor-container elementor-column-gap-default\">\n\t\t\t\t\t<div class=\"elementor-column elementor-col-50 elementor-inner-column elementor-element elementor-element-e9ba2b9\" data-id=\"e9ba2b9\" data-element_type=\"column\">\n\t\t\t<div class=\"elementor-widget-wrap elementor-element-populated\">\n\t\t\t\t\t\t<div class=\"elementor-element elementor-element-48b1a0f elementor-align-start elementor-icon-list--layout-traditional elementor-list-item-link-full_width elementor-widget elementor-widget-icon-list\" data-id=\"48b1a0f\" data-element_type=\"widget\" data-widget_type=\"icon-list.default\">\n\t\t\t\t<div class=\"elementor-widget-container\">\n\t\t\t\t\t\t\t<ul class=\"elementor-icon-list-items\">\n\t\t\t\t\t\t\t<li class=\"elementor-icon-list-item\">\n\t\t\t\t\t\t\t\t\t\t<span class=\"elementor-icon-list-text\">42 Days To Change<\/span>\n\t\t\t\t\t\t\t\t\t<\/li>\n\t\t\t\t\t\t<\/ul>\n\t\t\t\t\t\t<\/div>\n\t\t\t\t<\/div>\n\t\t\t\t\t<\/div>\n\t\t<\/div>\n\t\t\t\t<div class=\"elementor-column elementor-col-50 elementor-inner-column elementor-element elementor-element-55080ef\" data-id=\"55080ef\" data-element_type=\"column\">\n\t\t\t<div class=\"elementor-widget-wrap elementor-element-populated\">\n\t\t\t\t\t\t<div class=\"elementor-element elementor-element-19ce375 elementor-align-start elementor-icon-list--layout-traditional elementor-list-item-link-full_width elementor-widget elementor-widget-icon-list\" data-id=\"19ce375\" data-element_type=\"widget\" data-widget_type=\"icon-list.default\">\n\t\t\t\t<div class=\"elementor-widget-container\">\n\t\t\t\t\t\t\t<ul class=\"elementor-icon-list-items\">\n\t\t\t\t\t\t\t<li class=\"elementor-icon-list-item\">\n\t\t\t\t\t\t\t\t\t\t\t<a href=\"https:\/\/www.youtube.com\/watch?v=cC2D1dlxsUQ&#038;list=PLfx7JuFaGHg6hhP3KHwC8U1gcXpUs41rw\" target=\"_blank\" rel=\"nofollow noopener\">\n\n\t\t\t\t\t\t\t\t\t\t\t\t<span class=\"elementor-icon-list-icon\">\n\t\t\t\t\t\t\t<i aria-hidden=\"true\" class=\"fas fa-angle-double-right\"><\/i>\t\t\t\t\t\t<\/span>\n\t\t\t\t\t\t\t\t\t\t<span class=\"elementor-icon-list-text\">Ph\u00e1t t\u1ea5t c\u1ea3<\/span>\n\t\t\t\t\t\t\t\t\t\t\t<\/a>\n\t\t\t\t\t\t\t\t\t<\/li>\n\t\t\t\t\t\t<\/ul>\n\t\t\t\t\t\t<\/div>\n\t\t\t\t<\/div>\n\t\t\t\t\t<\/div>\n\t\t<\/div>\n\t\t\t\t\t<\/div>\n\t\t<\/section>\n\t\t\t\t\t<\/div>\n\t\t<\/div>\n\t\t\t\t\t<\/div>\n\t\t<\/section>\n\t\t\t\t<section class=\"elementor-section elementor-top-section elementor-element elementor-element-3aa4b9a elementor-section-boxed elementor-section-height-default elementor-section-height-default\" data-id=\"3aa4b9a\" data-element_type=\"section\" data-settings=\"{&quot;background_background&quot;:&quot;classic&quot;}\">\n\t\t\t\t\t\t<div class=\"elementor-container elementor-column-gap-default\">\n\t\t\t\t\t<div class=\"elementor-column elementor-col-50 elementor-top-column elementor-element elementor-element-48cbb86\" data-id=\"48cbb86\" data-element_type=\"column\" data-settings=\"{&quot;background_background&quot;:&quot;classic&quot;}\">\n\t\t\t<div class=\"elementor-widget-wrap elementor-element-populated\">\n\t\t\t\t\t\t<div class=\"elementor-element elementor-element-fbbfab5 elementor-widget elementor-widget-video\" data-id=\"fbbfab5\" data-element_type=\"widget\" data-settings=\"{&quot;youtube_url&quot;:&quot;https:\\\/\\\/www.youtube.com\\\/watch?v=cC2D1dlxsUQ&amp;list=PLfx7JuFaGHg6hhP3KHwC8U1gcXpUs41rw&amp;index=1&amp;t=3s&quot;,&quot;video_type&quot;:&quot;youtube&quot;,&quot;controls&quot;:&quot;yes&quot;}\" data-widget_type=\"video.default\">\n\t\t\t\t<div class=\"elementor-widget-container\">\n\t\t\t\t\t\t\t<div class=\"elementor-wrapper elementor-open-inline\">\n\t\t\t<div class=\"elementor-video\"><\/div>\t\t<\/div>\n\t\t\t\t\t\t<\/div>\n\t\t\t\t<\/div>\n\t\t\t\t\t<\/div>\n\t\t<\/div>\n\t\t\t\t<div class=\"elementor-column elementor-col-50 elementor-top-column elementor-element elementor-element-210f74a\" data-id=\"210f74a\" data-element_type=\"column\">\n\t\t\t<div class=\"elementor-widget-wrap elementor-element-populated\">\n\t\t\t\t\t\t<div class=\"elementor-element elementor-element-4b15f5e elementor-widget elementor-widget-heading\" data-id=\"4b15f5e\" data-element_type=\"widget\" data-widget_type=\"heading.default\">\n\t\t\t\t<div class=\"elementor-widget-container\">\n\t\t\t\t\t<h3 class=\"elementor-heading-title elementor-size-default\">Quy tr\u00ecnh \u00e1p d\u1ee5ng OKRs chu\u1ea9n \u0111em l\u1ea1i x8 Doanh thu sau 2 n\u0103m<\/h3>\t\t\t\t<\/div>\n\t\t\t\t<\/div>\n\t\t\t\t<div class=\"elementor-element elementor-element-d915584 elementor-widget elementor-widget-heading\" data-id=\"d915584\" data-element_type=\"widget\" data-widget_type=\"heading.default\">\n\t\t\t\t<div class=\"elementor-widget-container\">\n\t\t\t\t\t<p class=\"elementor-heading-title elementor-size-default\">Trong ch\u01b0\u01a1ng tr\u00ecnh 42 Days To Change do Fastdo t\u1ed5 ch\u1ee9c, c\u00e1c Doanh nghi\u1ec7p \u0111\u1ed3ng h\u00e0nh c\u0169ng \u0111\u00e3 t\u1eebng g\u1eb7p ph\u1ea3i nh\u1eefng kh\u00f3 kh\u0103n khi \u00e1p d\u1ee5ng OKRs v\u00ec thi\u1ebfu m\u1ed9t QUY TR\u00ccNH r\u00f5 r\u00e0ng v\u00e0 hi\u1ec7u qu\u1ea3. Hi\u1ec3u \u0111\u01b0\u1ee3c v\u1ea5n \u0111\u1ec1 \u0111\u00f3, Fastdo \u0111\u00e3 cung c\u1ea5p v\u00e0 chuy\u1ec3n giao m\u1ed9t quy tr\u00ecnh ho\u00e0n h\u1ea3o gi\u00fap c\u00e1c Doanh nghi\u1ec7p c\u00f3 th\u1ec3 kh\u1eafc ph\u1ee5c \u0111\u01b0\u1ee3c v\u1ea5n \u0111\u1ec1 n\u00e0y. <\/p>\t\t\t\t<\/div>\n\t\t\t\t<\/div>\n\t\t\t\t\t<\/div>\n\t\t<\/div>\n\t\t\t\t\t<\/div>\n\t\t<\/section>\n\t\t\t\t<section class=\"elementor-section elementor-top-section elementor-element elementor-element-5f8421b elementor-section-boxed elementor-section-height-default elementor-section-height-default\" data-id=\"5f8421b\" data-element_type=\"section\" data-settings=\"{&quot;background_background&quot;:&quot;classic&quot;}\">\n\t\t\t\t\t\t<div class=\"elementor-container elementor-column-gap-default\">\n\t\t\t\t\t<div class=\"elementor-column elementor-col-50 elementor-top-column elementor-element elementor-element-ff1721b\" data-id=\"ff1721b\" data-element_type=\"column\">\n\t\t\t<div class=\"elementor-widget-wrap elementor-element-populated\">\n\t\t\t\t\t\t<div class=\"elementor-element elementor-element-6779e04 elementor-widget elementor-widget-video\" data-id=\"6779e04\" data-element_type=\"widget\" data-settings=\"{&quot;youtube_url&quot;:&quot;https:\\\/\\\/www.youtube.com\\\/watch?v=XtBwWNYY5XM&amp;t=11s&quot;,&quot;video_type&quot;:&quot;youtube&quot;,&quot;controls&quot;:&quot;yes&quot;}\" data-widget_type=\"video.default\">\n\t\t\t\t<div class=\"elementor-widget-container\">\n\t\t\t\t\t\t\t<div class=\"elementor-wrapper elementor-open-inline\">\n\t\t\t<div class=\"elementor-video\"><\/div>\t\t<\/div>\n\t\t\t\t\t\t<\/div>\n\t\t\t\t<\/div>\n\t\t\t\t\t<\/div>\n\t\t<\/div>\n\t\t\t\t<div class=\"elementor-column elementor-col-50 elementor-top-column elementor-element elementor-element-c6ed32c\" data-id=\"c6ed32c\" data-element_type=\"column\">\n\t\t\t<div class=\"elementor-widget-wrap elementor-element-populated\">\n\t\t\t\t\t\t<div class=\"elementor-element elementor-element-92a9a02 elementor-widget elementor-widget-heading\" data-id=\"92a9a02\" data-element_type=\"widget\" data-widget_type=\"heading.default\">\n\t\t\t\t<div class=\"elementor-widget-container\">\n\t\t\t\t\t<h3 class=\"elementor-heading-title elementor-size-default\">C\u00e1ch thi\u1ebft l\u1eadp OKRs chu\u1ea9n cho Doanh nghi\u1ec7p t\u1eeb ban \u0111\u1ea7u<\/h3>\t\t\t\t<\/div>\n\t\t\t\t<\/div>\n\t\t\t\t<div class=\"elementor-element elementor-element-f429d85 elementor-widget elementor-widget-heading\" data-id=\"f429d85\" data-element_type=\"widget\" data-widget_type=\"heading.default\">\n\t\t\t\t<div class=\"elementor-widget-container\">\n\t\t\t\t\t<p class=\"elementor-heading-title elementor-size-default\">Vi\u1ec7c thi\u1ebft l\u1eadp OKRs kh\u00f4ng ch\u1ec9 \u0111\u01a1n gi\u1ea3n l\u00e0 t\u1ea1o<b> <\/b>M\u1ee4C TI\u00caU v\u00e0 K\u1ebeT QU\u1ea2 CH\u00cdNH. Doanh nghi\u1ec7p c\u1ea7n ph\u1ea3i tr\u1ea3i qua m\u1ed9t qu\u00e1 tr\u00ecnh bao g\u1ed3m nhi\u1ec1u b\u01b0\u1edbc tr\u01b0\u1edbc khi c\u00f3 th\u1ec3 x\u00e1c \u0111\u1ecbnh O v\u00e0 KRs c\u1ea7n thi\u1ebft cho t\u1ed5 ch\u1ee9c c\u0169ng nh\u01b0 b\u1ea3n th\u00e2n m\u00ecnh.\n<br><br>B\u00ean c\u1ea1nh \u0111\u00f3, l\u00e0m th\u1ebf n\u00e0o \u0111\u1ec3 x\u00e1c \u0111\u1ecbnh m\u1ed9t M\u1ee5c ti\u00eau (O) hi\u1ec7u qu\u1ea3, c\u0169ng nh\u01b0 x\u00e1c \u0111\u1ecbnh c\u00e1c K\u1ebft qu\u1ea3 ch\u00ednh (KRs) th\u1ebf n\u00e0o \u0111\u1ec3 h\u1ed7 tr\u1ee3 t\u1ed1t nh\u1ea5t cho O, l\u00e0 nh\u1eefng v\u1ea5n \u0111\u1ec1 m\u00e0 c\u00e1c Doanh nghi\u1ec7p \u0111\u1ed3ng h\u00e0nh c\u00f9ng Fastdo trong 42 Days To Change d\u00e0nh r\u1ea5t nhi\u1ec1u s\u1ef1 quan t\u00e2m.<\/p>\t\t\t\t<\/div>\n\t\t\t\t<\/div>\n\t\t\t\t\t<\/div>\n\t\t<\/div>\n\t\t\t\t\t<\/div>\n\t\t<\/section>\n\t\t\t\t<section class=\"elementor-section elementor-top-section elementor-element elementor-element-6a3a200 elementor-section-boxed elementor-section-height-default elementor-section-height-default\" data-id=\"6a3a200\" data-element_type=\"section\" data-settings=\"{&quot;background_background&quot;:&quot;classic&quot;}\">\n\t\t\t\t\t\t<div class=\"elementor-container elementor-column-gap-default\">\n\t\t\t\t\t<div class=\"elementor-column elementor-col-50 elementor-top-column elementor-element elementor-element-d91d968\" data-id=\"d91d968\" data-element_type=\"column\">\n\t\t\t<div class=\"elementor-widget-wrap elementor-element-populated\">\n\t\t\t\t\t\t<div class=\"elementor-element elementor-element-add4124 elementor-widget elementor-widget-video\" data-id=\"add4124\" data-element_type=\"widget\" data-settings=\"{&quot;youtube_url&quot;:&quot;https:\\\/\\\/www.youtube.com\\\/watch?v=IwtRWUTWYMY&quot;,&quot;video_type&quot;:&quot;youtube&quot;,&quot;controls&quot;:&quot;yes&quot;}\" data-widget_type=\"video.default\">\n\t\t\t\t<div class=\"elementor-widget-container\">\n\t\t\t\t\t\t\t<div class=\"elementor-wrapper elementor-open-inline\">\n\t\t\t<div class=\"elementor-video\"><\/div>\t\t<\/div>\n\t\t\t\t\t\t<\/div>\n\t\t\t\t<\/div>\n\t\t\t\t\t<\/div>\n\t\t<\/div>\n\t\t\t\t<div class=\"elementor-column elementor-col-50 elementor-top-column elementor-element elementor-element-5fb8e07\" data-id=\"5fb8e07\" data-element_type=\"column\">\n\t\t\t<div class=\"elementor-widget-wrap elementor-element-populated\">\n\t\t\t\t\t\t<div class=\"elementor-element elementor-element-4883899 elementor-widget elementor-widget-heading\" data-id=\"4883899\" data-element_type=\"widget\" data-widget_type=\"heading.default\">\n\t\t\t\t<div class=\"elementor-widget-container\">\n\t\t\t\t\t<h3 class=\"elementor-heading-title elementor-size-default\">Timeline thi\u1ebft l\u1eadp OKRs chu\u1ea9n trong Doanh nghi\u1ec7p<\/h3>\t\t\t\t<\/div>\n\t\t\t\t<\/div>\n\t\t\t\t<div class=\"elementor-element elementor-element-17d8931 elementor-widget elementor-widget-heading\" data-id=\"17d8931\" data-element_type=\"widget\" data-widget_type=\"heading.default\">\n\t\t\t\t<div class=\"elementor-widget-container\">\n\t\t\t\t\t<p class=\"elementor-heading-title elementor-size-default\">T\u1eebng b\u01b0\u1edbc thi\u1ebft l\u1eadp OKRs c\u1ea7n c\u00f3 m\u1ed9t kho\u1ea3ng th\u1eddi gian ph\u00f9 h\u1ee3p \u0111\u1ec3 ti\u1ebfn h\u00e0nh. \u0110\u00e2y l\u00e0 th\u1eddi gian \u0111\u1ec3 m\u1ecdi ng\u01b0\u1eddi trong t\u1ed5 ch\u1ee9c c\u00f9ng \u0111\u1ed9ng n\u00e3o, l\u00e0m vi\u1ec7c c\u00f9ng nhau v\u00e0 d\u1ef1 ph\u00f2ng c\u00e1c r\u1ee7i ro trong qu\u00e1 tr\u00ecnh.\n<br><br>Trong ch\u01b0\u01a1ng tr\u00ecnh 42 Days To Change, Fastdo \u0111\u00e3 t\u01b0 v\u1ea5n cho m\u1ed9t Doanh nghi\u1ec7p v\u1ec1 m\u1ea3ng x\u00e2y d\u1ef1ng m\u1ed9t timeline thi\u1ebft l\u1eadp OKRs ph\u00f9 h\u1ee3p v\u1edbi th\u1ef1c tr\u1ea1ng  c\u1ee7a t\u1ed5 ch\u1ee9c. Th\u00f4ng qua v\u00ed d\u1ee5 n\u00e0y, b\u1ea1n c\u00f3 th\u1ec3 t\u1ef1 l\u00ean m\u1ed9t timeline ph\u00f9 h\u1ee3p nh\u1ea5t \u0111\u1ed1i v\u1edbi c\u00f4ng ty c\u1ee7a m\u00ecnh v\u1edbi nh\u1eefng h\u01b0\u1edbng d\u1eabn m\u00e0 Fastdo cung c\u1ea5p.<\/p>\t\t\t\t<\/div>\n\t\t\t\t<\/div>\n\t\t\t\t\t<\/div>\n\t\t<\/div>\n\t\t\t\t\t<\/div>\n\t\t<\/section>\n\t\t\t\t<section class=\"elementor-section elementor-top-section elementor-element elementor-element-7f670ec elementor-section-boxed elementor-section-height-default elementor-section-height-default\" data-id=\"7f670ec\" data-element_type=\"section\" data-settings=\"{&quot;background_background&quot;:&quot;classic&quot;}\">\n\t\t\t\t\t\t<div class=\"elementor-container elementor-column-gap-default\">\n\t\t\t\t\t<div class=\"elementor-column elementor-col-50 elementor-top-column elementor-element elementor-element-19c929e\" data-id=\"19c929e\" data-element_type=\"column\">\n\t\t\t<div class=\"elementor-widget-wrap elementor-element-populated\">\n\t\t\t\t\t\t<div class=\"elementor-element elementor-element-1f613ea elementor-widget elementor-widget-video\" data-id=\"1f613ea\" data-element_type=\"widget\" data-settings=\"{&quot;youtube_url&quot;:&quot;https:\\\/\\\/www.youtube.com\\\/watch?v=0uoXxsoVqQ0&amp;t=19s&quot;,&quot;video_type&quot;:&quot;youtube&quot;,&quot;controls&quot;:&quot;yes&quot;}\" data-widget_type=\"video.default\">\n\t\t\t\t<div class=\"elementor-widget-container\">\n\t\t\t\t\t\t\t<div class=\"elementor-wrapper elementor-open-inline\">\n\t\t\t<div class=\"elementor-video\"><\/div>\t\t<\/div>\n\t\t\t\t\t\t<\/div>\n\t\t\t\t<\/div>\n\t\t\t\t\t<\/div>\n\t\t<\/div>\n\t\t\t\t<div class=\"elementor-column elementor-col-50 elementor-top-column elementor-element elementor-element-3c20d6b\" data-id=\"3c20d6b\" data-element_type=\"column\">\n\t\t\t<div class=\"elementor-widget-wrap elementor-element-populated\">\n\t\t\t\t\t\t<div class=\"elementor-element elementor-element-aa9f872 elementor-widget elementor-widget-heading\" data-id=\"aa9f872\" data-element_type=\"widget\" data-widget_type=\"heading.default\">\n\t\t\t\t<div class=\"elementor-widget-container\">\n\t\t\t\t\t<h2 class=\"elementor-heading-title elementor-size-default\">B\u1ea3n ch\u1ea5t li\u00ean k\u1ebft ch\u00e9o trong OKRs<\/h2>\t\t\t\t<\/div>\n\t\t\t\t<\/div>\n\t\t\t\t<div class=\"elementor-element elementor-element-67d36cf elementor-widget elementor-widget-text-editor\" data-id=\"67d36cf\" data-element_type=\"widget\" data-widget_type=\"text-editor.default\">\n\t\t\t\t<div class=\"elementor-widget-container\">\n\t\t\t\t\t\t\t\t\t<p>Li\u00ean k\u1ebft ch\u00e9o OKRs l\u00e0 m\u1ed9t trong nh\u1eefng b\u01b0\u1edbc thu\u1ed9c quy tr\u00ecnh l\u00ean k\u1ebf ho\u1ea1ch OKRs c\u1ee7a m\u1ed9t chu k\u1ef3 m\u1edbi. Khi OKRs c\u1ee7a ng\u01b0\u1eddi A c\u00f3 s\u1ef1 t\u01b0\u01a1ng quan v\u1edbi OKRs c\u1ee7a ng\u01b0\u1eddi B, ng\u01b0\u1eddi A c\u1ea7n ph\u1ea3i chia s\u1ebb OKRs c\u1ee7a m\u00ecnh v\u00e0 \u0111\u00e0m ph\u00e1n \u0111\u1ec3 ng\u01b0\u1eddi B ph\u1ea3n \u00e1nh OKRs c\u1ee7a ng\u01b0\u1eddi A v\u00e0o b\u1ed9 OKRs c\u1ee7a h\u1ecd.<\/p><p>Th\u00f4ng qua nh\u1eefng c\u00e2u h\u1ecfi t\u1eeb ph\u00eda Doanh nghi\u1ec7p, Fastdo \u0111\u00e3 chia s\u1ebb v\u00ed d\u1ee5 th\u1ef1c t\u1ebf v\u00e0 gi\u00fap Doanh nghi\u1ec7p hi\u1ec3u r\u00f5 v\u1ec1 b\u1ea3n ch\u1ea5t c\u1ee7a Li\u00ean k\u1ebft ch\u00e9o trong OKRs.&nbsp;<br><\/p>\t\t\t\t\t\t\t\t<\/div>\n\t\t\t\t<\/div>\n\t\t\t\t\t<\/div>\n\t\t<\/div>\n\t\t\t\t\t<\/div>\n\t\t<\/section>\n\t\t\t\t<section class=\"elementor-section elementor-top-section elementor-element elementor-element-3ba9f96 elementor-section-boxed elementor-section-height-default elementor-section-height-default\" data-id=\"3ba9f96\" data-element_type=\"section\" data-settings=\"{&quot;background_background&quot;:&quot;classic&quot;}\">\n\t\t\t\t\t\t<div class=\"elementor-container elementor-column-gap-default\">\n\t\t\t\t\t<div class=\"elementor-column elementor-col-50 elementor-top-column elementor-element elementor-element-1cd2c64\" data-id=\"1cd2c64\" data-element_type=\"column\">\n\t\t\t<div class=\"elementor-widget-wrap elementor-element-populated\">\n\t\t\t\t\t\t<div class=\"elementor-element elementor-element-c74d3cd elementor-widget elementor-widget-video\" data-id=\"c74d3cd\" data-element_type=\"widget\" data-settings=\"{&quot;youtube_url&quot;:&quot;https:\\\/\\\/www.youtube.com\\\/watch?v=E2acypvc9tE&quot;,&quot;video_type&quot;:&quot;youtube&quot;,&quot;controls&quot;:&quot;yes&quot;}\" data-widget_type=\"video.default\">\n\t\t\t\t<div class=\"elementor-widget-container\">\n\t\t\t\t\t\t\t<div class=\"elementor-wrapper elementor-open-inline\">\n\t\t\t<div class=\"elementor-video\"><\/div>\t\t<\/div>\n\t\t\t\t\t\t<\/div>\n\t\t\t\t<\/div>\n\t\t\t\t\t<\/div>\n\t\t<\/div>\n\t\t\t\t<div class=\"elementor-column elementor-col-50 elementor-top-column elementor-element elementor-element-c3d329c\" data-id=\"c3d329c\" data-element_type=\"column\">\n\t\t\t<div class=\"elementor-widget-wrap elementor-element-populated\">\n\t\t\t\t\t\t<div class=\"elementor-element elementor-element-a1f533a elementor-widget elementor-widget-heading\" data-id=\"a1f533a\" data-element_type=\"widget\" data-widget_type=\"heading.default\">\n\t\t\t\t<div class=\"elementor-widget-container\">\n\t\t\t\t\t<h2 class=\"elementor-heading-title elementor-size-default\">L\u00e0m th\u1ebf n\u00e0o khi nh\u00e2n vi\u00ean \u0111\u1eb7t m\u1ee5c ti\u00eau kh\u00f4ng th\u1ef1c t\u1ebf khi vi\u1ebft OKRs?<\/h2>\t\t\t\t<\/div>\n\t\t\t\t<\/div>\n\t\t\t\t<div class=\"elementor-element elementor-element-2c6d1ae elementor-widget elementor-widget-text-editor\" data-id=\"2c6d1ae\" data-element_type=\"widget\" data-widget_type=\"text-editor.default\">\n\t\t\t\t<div class=\"elementor-widget-container\">\n\t\t\t\t\t\t\t\t\t<p style=\"text-align: justify;\">Kh\u00e1c v\u1edbi KPI l\u00e0 t\u1eeb c\u1ea5p tr\u00ean \u00e1p \u0111\u1eb7t xu\u1ed1ng c\u1ea5p d\u01b0\u1edbi v\u00e0 bu\u1ed9c ph\u1ea3i ho\u00e0n th\u00e0nh, OKRs cho ph\u00e9p c\u00e1 nh\u00e2n b\u1ee9t ph\u00e1 v\u1edbi gi\u1edbi h\u1ea1n b\u1ea3n th\u00e2n v\u1edbi nh\u1eefng m\u1ee5c ti\u00eau \u0111\u1ea7y tham v\u1ecdng. M\u1ed9t OKRs t\u1ed1t kh\u00f4ng ph\u1ea3i l\u00e0 OKRs m\u00e0 b\u1ea1n d\u1ec5 d\u00e0ng ho\u00e0n th\u00e0nh. N\u1ebfu b\u1ea1n ch\u1ec9 \u0111\u1ea1t \u0111\u01b0\u1ee3c 60-70% OKRs c\u1ee7a m\u00ecnh, \u0111\u00f3 l\u00e0 m\u1ed9t OKRs tuy\u1ec7t v\u1eddi!\u00a0<\/p><p>Ch\u00ednh v\u00ec \u0111i\u1ec1u n\u00e0y \u0111\u00e3 d\u1eabn \u0111\u1ebfn t\u00ecnh tr\u1ea1ng m\u1ed9t s\u1ed1 nh\u00e2n s\u1ef1 c\u1ed1 t\u00ecnh \u0111\u1eb7t OKRs\u00a0 v\u01b0\u1ee3t qu\u00e1 kh\u1ea3 n\u0103ng v\u00e0 kh\u00f4ng th\u1ef1c t\u1ebf \u0111\u1ec3 kh\u00f4ng b\u1ecb \u00e1p l\u1ef1c trong vi\u1ec7c ho\u00e0n th\u00e0nh. \u0110\u00e2y l\u00e0 m\u1ed9t h\u1ec7 qu\u1ea3 ti\u00eau c\u1ef1c c\u00f3 th\u1ec3 g\u00e2y ra h\u1eadu qu\u1ea3 \u0111i tr\u00e1i v\u1edbi nh\u1eefng gi\u00e1 tr\u1ecb c\u1ee7a OKRs.<\/p>\t\t\t\t\t\t\t\t<\/div>\n\t\t\t\t<\/div>\n\t\t\t\t\t<\/div>\n\t\t<\/div>\n\t\t\t\t\t<\/div>\n\t\t<\/section>\n\t\t\t\t<section class=\"elementor-section elementor-top-section elementor-element elementor-element-5f60e31 elementor-section-boxed elementor-section-height-default elementor-section-height-default\" data-id=\"5f60e31\" data-element_type=\"section\" data-settings=\"{&quot;background_background&quot;:&quot;classic&quot;}\">\n\t\t\t\t\t\t<div class=\"elementor-container elementor-column-gap-default\">\n\t\t\t\t\t<div class=\"elementor-column elementor-col-50 elementor-top-column elementor-element elementor-element-2af0ab9\" data-id=\"2af0ab9\" data-element_type=\"column\">\n\t\t\t<div class=\"elementor-widget-wrap elementor-element-populated\">\n\t\t\t\t\t\t<div class=\"elementor-element elementor-element-fd676f3 elementor-widget elementor-widget-video\" data-id=\"fd676f3\" data-element_type=\"widget\" data-settings=\"{&quot;youtube_url&quot;:&quot;https:\\\/\\\/www.youtube.com\\\/watch?v=UDlell-QhbQ&amp;feature=youtu.be&quot;,&quot;video_type&quot;:&quot;youtube&quot;,&quot;controls&quot;:&quot;yes&quot;}\" data-widget_type=\"video.default\">\n\t\t\t\t<div class=\"elementor-widget-container\">\n\t\t\t\t\t\t\t<div class=\"elementor-wrapper elementor-open-inline\">\n\t\t\t<div class=\"elementor-video\"><\/div>\t\t<\/div>\n\t\t\t\t\t\t<\/div>\n\t\t\t\t<\/div>\n\t\t\t\t\t<\/div>\n\t\t<\/div>\n\t\t\t\t<div class=\"elementor-column elementor-col-50 elementor-top-column elementor-element elementor-element-f1b2070\" data-id=\"f1b2070\" data-element_type=\"column\">\n\t\t\t<div class=\"elementor-widget-wrap elementor-element-populated\">\n\t\t\t\t\t\t<div class=\"elementor-element elementor-element-329de2b elementor-widget elementor-widget-heading\" data-id=\"329de2b\" data-element_type=\"widget\" data-widget_type=\"heading.default\">\n\t\t\t\t<div class=\"elementor-widget-container\">\n\t\t\t\t\t<h2 class=\"elementor-heading-title elementor-size-default\">Nh\u1eefng chia s\u1ebb t\u1eeb \u0111\u1ea1i \u0111i\u1ec7n Cao Gia L\u1ed9c Academy sau khi k\u1ebft th\u00fac h\u00e0nh tr\u00ecnh 42 Days To Change<\/h2>\t\t\t\t<\/div>\n\t\t\t\t<\/div>\n\t\t\t\t<div class=\"elementor-element elementor-element-70b2db5 elementor-widget elementor-widget-text-editor\" data-id=\"70b2db5\" data-element_type=\"widget\" data-widget_type=\"text-editor.default\">\n\t\t\t\t<div class=\"elementor-widget-container\">\n\t\t\t\t\t\t\t\t\t<p>\u00a0<\/p><p>\u0110\u1ebfn v\u1edbi ch\u01b0\u01a1ng tr\u00ecnh 42DTC, anh Cao Gia L\u1ed9c &#8211; CEO Cao Gia L\u1ed9c Hair Academy mong mu\u1ed1n \u0111\u01b0\u1ee3c h\u1ecdc h\u1ecfi nh\u1eefng ki\u1ebfn th\u1ee9c, kinh nghi\u1ec7m trong vi\u1ec7c \u00e1p d\u1ee5ng OKRs c\u0169ng nh\u01b0 t\u00ecm ra m\u1ed9t gi\u1ea3i ph\u00e1p ph\u00f9 h\u1ee3p v\u1edbi \u0111\u1eb7c th\u00f9 Doanh nghi\u1ec7p c\u1ee7a anh.\u00a0<\/p><p>Sau 42 ng\u00e0y \u0111\u1ed3ng h\u00e0nh c\u00f9ng Fastdo, anh Cao Gia L\u1ed9c \u0111\u00e3 nh\u1eadn th\u1ea5y \u0111\u01b0\u1ee3c nh\u1eefng s\u1ef1 chuy\u1ec3n bi\u1ebfn t\u00edch c\u1ef1c trong qu\u00e1 tr\u00ecnh \u00e1p d\u1ee5ng OKRs t\u1ea1i Doanh nghi\u1ec7p c\u1ee7a m\u00ecnh. Th\u00f4ng qua bu\u1ed5i meeting \u0111\u1ecbnh k\u1ef3 cu\u1ed1i c\u00f9ng, anh Gia L\u1ed9c \u0111\u00e3 c\u00f3 nh\u1eefng chia s\u1ebb ch\u00e2n th\u00e0nh \u0111\u1ebfn \u0111\u1ed9i ng\u0169 Fastdo. B\u00ean c\u1ea1nh \u0111\u00f3, anh c\u00f2n th\u1ec3 hi\u1ec7n s\u1ef1 quy\u1ebft t\u00e2m c\u1ee7a m\u00ecnh trong vi\u1ec7c theo \u0111u\u1ed5i v\u00e0 chinh ph\u1ee5c OKRs<\/p><p>\u00a0<\/p>\t\t\t\t\t\t\t\t<\/div>\n\t\t\t\t<\/div>\n\t\t\t\t\t<\/div>\n\t\t<\/div>\n\t\t\t\t\t<\/div>\n\t\t<\/section>\n\t\t\t\t<\/div>\n\t\t","protected":false},"excerpt":{"rendered":"<p>VIDEO 42 Days To Change Ph\u00e1t t\u1ea5t c\u1ea3 https:\/\/www.youtube.com\/watch?v=cC2D1dlxsUQ&#038;list=PLfx7JuFaGHg6hhP3KHwC8U1gcXpUs41rw&#038;index=1&#038;t=3s Quy tr\u00ecnh \u00e1p d\u1ee5ng OKRs chu\u1ea9n \u0111em l\u1ea1i x8 Doanh thu sau 2 n\u0103m Trong ch\u01b0\u01a1ng tr\u00ecnh 42 Days To Change do Fastdo t\u1ed5 ch\u1ee9c, c\u00e1c Doanh nghi\u1ec7p \u0111\u1ed3ng h\u00e0nh c\u0169ng \u0111\u00e3 t\u1eebng g\u1eb7p ph\u1ea3i nh\u1eefng kh\u00f3 kh\u0103n khi \u00e1p d\u1ee5ng OKRs v\u00ec thi\u1ebfu m\u1ed9t QUY [&#8230;]\n","protected":false},"author":1,"featured_media":0,"parent":0,"menu_order":0,"comment_status":"closed","ping_status":"closed","template":"","meta":{"footnotes":""},"class_list":["post-21463","page","type-page","status-publish","hentry"],"_links":{"self":[{"href":"https:\/\/fastdo.vn\/fokrs\/wp-json\/wp\/v2\/pages\/21463","targetHints":{"allow":["GET"]}}],"collection":[{"href":"https:\/\/fastdo.vn\/fokrs\/wp-json\/wp\/v2\/pages"}],"about":[{"href":"https:\/\/fastdo.vn\/fokrs\/wp-json\/wp\/v2\/types\/page"}],"author":[{"embeddable":true,"href":"https:\/\/fastdo.vn\/fokrs\/wp-json\/wp\/v2\/users\/1"}],"replies":[{"embeddable":true,"href":"https:\/\/fastdo.vn\/fokrs\/wp-json\/wp\/v2\/comments?post=21463"}],"version-history":[{"count":0,"href":"https:\/\/fastdo.vn\/fokrs\/wp-json\/wp\/v2\/pages\/21463\/revisions"}],"wp:attachment":[{"href":"https:\/\/fastdo.vn\/fokrs\/wp-json\/wp\/v2\/media?parent=21463"}],"curies":[{"name":"wp","href":"https:\/\/api.w.org\/{rel}","templated":true}]}}